{"id":1470,"date":"2022-06-20T06:26:38","date_gmt":"2022-06-20T06:26:38","guid":{"rendered":"https:\/\/beat-af.com\/?page_id=1470"},"modified":"2022-06-20T06:32:14","modified_gmt":"2022-06-20T06:32:14","slug":"was-ist-af","status":"publish","type":"page","link":"https:\/\/beat-af.com\/?page_id=1470&lang=de","title":{"rendered":"WAS IST AF"},"content":{"rendered":"\r\n\t<section class=\"section\" id=\"section_675159152\">\n\t\t<div class=\"bg section-bg fill bg-fill  bg-loaded\" >\n\n\t\t\t\n\t\t\t\n\t\t\t\n\n\t\t<\/div>\n\n\t\t<div class=\"section-content relative\">\n\t\t\t\r\n\r\n<h1 style=\"text-align: center;\"><span style=\"font-size: 60px;\">WAS IST AF <\/span><\/h1>\r\n<div class=\"is-divider divider clearfix\" ><\/div>\r\n\r\n<div class=\"row\"  id=\"row-773241787\">\r\n\r\n\n\t<div class=\"col medium-7 small-12 large-7\"  >\n\t\t<div class=\"col-inner\"  >\n\t\t\t\n\t\t\t\r\n\r\n\t<div class=\"img has-hover x md-x lg-x y md-y lg-y\" id=\"image_566514791\">\n\t\t\t\t\t\t\t\t<div class=\"img-inner dark\" >\n\t\t\t<img loading=\"lazy\" decoding=\"async\" width=\"1020\" height=\"680\" src=\"https:\/\/beat-af.com\/wp-content\/uploads\/2021\/10\/iStock-175196412-1200x800.jpg\" class=\"attachment-large size-large\" alt=\"\" srcset=\"https:\/\/beat-af.com\/wp-content\/uploads\/2021\/10\/iStock-175196412-1200x800.jpg 1200w, https:\/\/beat-af.com\/wp-content\/uploads\/2021\/10\/iStock-175196412-600x400.jpg 600w, https:\/\/beat-af.com\/wp-content\/uploads\/2021\/10\/iStock-175196412-768x512.jpg 768w, https:\/\/beat-af.com\/wp-content\/uploads\/2021\/10\/iStock-175196412-1536x1024.jpg 1536w, https:\/\/beat-af.com\/wp-content\/uploads\/2021\/10\/iStock-175196412-2048x1365.jpg 2048w\" sizes=\"auto, (max-width: 1020px) 100vw, 1020px\" \/>\t\t\t\t\t\t\n\t\t\t\t\t<\/div>\n\t\t\t\t\t\t\t\t\n<style scope=\"scope\">\n\n#image_566514791 {\n  width: 100%;\n}\n<\/style>\n\t<\/div>\n\t\r\n\r\n\r\n\t\t<\/div>\n\t<\/div>\n\n\t\r\n\n\t<div class=\"col medium-5 small-12 large-5\"  >\n\t\t<div class=\"col-inner\"  >\n\t\t\t\n\t\t\t\r\n\r\n<p>Vorhofflimmern (AFib) ist die h\u00e4ufigste Herzrhythmusst\u00f6rung, mit der \u00c4rzte konfrontiert werden.<\/p>\r\n<p>Es kann Erwachsene jeden Alters betreffen, tritt aber mit zunehmendem Alter h\u00e4ufiger auf. In der Altersgruppe der \u00fcber 65-J\u00e4hrigen sind etwa 10 % der Menschen davon betroffen. Vorhofflimmern ist kein lebensbedrohliches Herzrhythmusproblem, aber es kann l\u00e4stig sein und erfordert h\u00e4ufig eine Behandlung.<\/p>\r\n<p>Vorhofflimmern oder AFib tritt auf, wenn sich in den oberen Herzkammern oder Vorh\u00f6fen eine chaotische elektrische Aktivit\u00e4t entwickelt, die den Sinusknoten vollst\u00e4ndig verdr\u00e4ngt. Infolgedessen schlagen die Vorh\u00f6fe nicht mehr in geordneter Weise und pumpen weniger effizient. Der AV-Knoten verhindert, dass einige dieser sehr schnellen Impulse an die Herzkammern weitergeleitet werden, aber die Herzkammern schlagen weiterhin unregelm\u00e4\u00dfig und m\u00f6glicherweise schnell.<\/p>\r\n\r\n\t\t<\/div>\n\t<\/div>\n\n\t\r\n\r\n<\/div>\r\n\r\n\t\t<\/div>\n\n\t\t\n<style scope=\"scope\">\n\n#section_675159152 {\n  padding-top: 30px;\n  padding-bottom: 30px;\n  background-color: #1f3989;\n}\n<\/style>\n\t<\/section>\n\t\r\n\t<section class=\"section\" id=\"section_1355416276\">\n\t\t<div class=\"bg section-bg fill bg-fill  bg-loaded\" >\n\n\t\t\t\n\t\t\t\n\t\t\t\n\t<div class=\"is-border\"\n\t\tstyle=\"border-color:rgb(235, 235, 235);border-width:1px 0px 0px 0px;\">\n\t<\/div>\n\n\t\t<\/div>\n\n\t\t<div class=\"section-content relative\">\n\t\t\t\r\n\r\n<div class=\"row row-large align-middle align-center\"  id=\"row-945717352\">\r\n\r\n\n\t<div class=\"col medium-4 small-12 large-4\"  >\n\t\t<div class=\"col-inner\"  >\n\t\t\t\n\t\t\t\r\n\r\n\t<div class=\"img has-hover x md-x lg-x y md-y lg-y\" id=\"image_99894872\">\n\t\t\t\t\t\t\t\t<div class=\"img-inner dark\" >\n\t\t\t<img loading=\"lazy\" decoding=\"async\" width=\"1020\" height=\"511\" src=\"https:\/\/beat-af.com\/wp-content\/uploads\/2021\/10\/Image-12-HD-1400x701.jpg\" class=\"attachment-large size-large\" alt=\"\" srcset=\"https:\/\/beat-af.com\/wp-content\/uploads\/2021\/10\/Image-12-HD-1400x701.jpg 1400w, https:\/\/beat-af.com\/wp-content\/uploads\/2021\/10\/Image-12-HD-800x400.jpg 800w, https:\/\/beat-af.com\/wp-content\/uploads\/2021\/10\/Image-12-HD-768x384.jpg 768w, https:\/\/beat-af.com\/wp-content\/uploads\/2021\/10\/Image-12-HD-1536x769.jpg 1536w, https:\/\/beat-af.com\/wp-content\/uploads\/2021\/10\/Image-12-HD-2048x1025.jpg 2048w\" sizes=\"auto, (max-width: 1020px) 100vw, 1020px\" \/>\t\t\t\t\t\t\n\t\t\t\t\t<\/div>\n\t\t\t\t\t\t\t\t\n<style scope=\"scope\">\n\n#image_99894872 {\n  width: 100%;\n}\n<\/style>\n\t<\/div>\n\t\r\n\r\n\r\n\t\t<\/div>\n\t<\/div>\n\n\t\r\n\n\t<div class=\"col medium-6 small-12 large-6\"  >\n\t\t<div class=\"col-inner text-center\"  >\n\t\t\t\n\t\t\t\r\n\r\n<h2><span style=\"color: #282828;\">Symptome von Vorhofflimmern<\/span><\/h2>\r\n<h3><span style=\"color: #282828;\">Herzklopfen<\/span><\/h3>\r\n<p><span style=\"color: #282828;\">Das h\u00e4ufigste Symptom von Vorhofflimmern ist das Herzklopfen, das auch als Wahrnehmung des Herzschlags oder Palpitationen bezeichnet wird. Sie k\u00f6nnen schnell sein. Der Begriff &#8220;Herzklopfen&#8221; kann f\u00fcr verschiedene Menschen unterschiedliche Bedeutungen haben, aber im Allgemeinen bezieht er sich auf das Gef\u00fchl, dass etwas mit dem Herzschlag nicht in Ordnung ist.<\/span><\/p>\r\n<h3><span style=\"color: #282828;\">M\u00fcdigkeit<\/span><\/h3>\r\n<p><span style=\"color: #282828;\">Die Ursachen f\u00fcr M\u00fcdigkeit lassen sich oft nur schwer eingrenzen, aber sie k\u00f6nnen von allgemeiner Energielosigkeit und verminderter k\u00f6rperlicher Belastbarkeit bis hin zu chronischer M\u00fcdigkeit reichen. Manchmal kann auch die Einnahme von Antiarrhythmika zu M\u00fcdigkeit f\u00fchren. M\u00fcdigkeit kann auch bei Menschen auftreten, die neben einer Herzinsuffizienz an Vorhofflimmern leiden.<\/span><\/p>\r\n<h3><span style=\"color: #282828;\">Kurzatmigkeit<\/span><\/h3>\r\n<p><span style=\"color: #282828;\">Die Atemnot kann leicht bis akut sein und auf eine schnelle Ventrikelaktivit\u00e4t zur\u00fcckzuf\u00fchren sein.<\/span><\/p>\r\n<h3><span style=\"color: #282828;\">Schwindel oder Benommenheit<\/span><\/h3>\r\n<h3><span style=\"color: #282828;\">Ohnmacht (Synkope)<\/span><\/h3>\r\n<h3><span style=\"color: #282828;\">Schmerzen oder Unwohlsein in der Brust (Angina pectoris)<\/span><\/h3>\r\n<h3><span style=\"color: #282828;\">Schlafst\u00f6rung oder Schlaflosigkeit<\/span><\/h3>\r\n<h3><span style=\"color: #282828;\">\u00dcberhaupt keine Symptome<\/span><\/h3>\r\n<p>\u00a0<\/p>\r\n\r\n\t\t<\/div>\n\t<\/div>\n\n\t\r\n\r\n\n<style scope=\"scope\">\n\n<\/style>\n<\/div>\r\n\r\n\t\t<\/div>\n\n\t\t\n<style scope=\"scope\">\n\n#section_1355416276 {\n  padding-top: 59px;\n  padding-bottom: 59px;\n  min-height: 300px;\n  background-color: rgb(255, 255, 255);\n}\n<\/style>\n\t<\/section>\n\t\r\n\t<section class=\"section\" id=\"section_395947611\">\n\t\t<div class=\"bg section-bg fill bg-fill  bg-loaded\" >\n\n\t\t\t\n\t\t\t\n\t\t\t\n\n\t\t<\/div>\n\n\t\t<div class=\"section-content relative\">\n\t\t\t\r\n\r\n<div class=\"row\"  id=\"row-1884880319\">\r\n\r\n\n\t<div class=\"col small-12 large-12\"  >\n\t\t<div class=\"col-inner\"  >\n\t\t\t\n\t\t\t\r\n\r\n<p style=\"font-size: 18px;\">Symptomlosigkeit kann sogar bei Menschen mit dauerhaftem Vorhofflimmern der Fall sein. Es ist wichtig, dass Vorhofflimmern schnell diagnostiziert wird, aber oft wird es erst bei einer Routineuntersuchung oder zuf\u00e4llig bei einem Arztbesuch wegen eines nicht damit zusammenh\u00e4ngenden Gesundheitsproblems entdeckt. M\u00f6glicherweise leidet der Patient bereits seit mehreren Jahren unwissentlich daran. Manchmal wird sie auch erst in der Notaufnahme bei einem Patienten entdeckt, der einen Schlaganfall erlitten hat, den er mit Medikamenten h\u00e4tte verhindern k\u00f6nnen. (Text copyrightAFAssociation)<\/p>\r\n<p>\u00a0<\/p>\r\n<p>F\u00fcr weitere Informationen besuchen Sie: https:\/\/www.heartrhythmalliance.org<\/p>\r\n<p>\u00a0<\/p>\r\n<p><a href=\"https:\/\/www.heartrhythmalliance.org\"><img loading=\"lazy\" decoding=\"async\" class=\"wp-image-1169 aligncenter\" src=\"http:\/\/beat-af.com\/wp-content\/uploads\/2021\/10\/AFA-Icon-Logo_US-684x400.png\" alt=\"\" width=\"215\" height=\"126\" srcset=\"https:\/\/beat-af.com\/wp-content\/uploads\/2021\/10\/AFA-Icon-Logo_US-684x400.png 684w, https:\/\/beat-af.com\/wp-content\/uploads\/2021\/10\/AFA-Icon-Logo_US-1369x800.png 1369w, https:\/\/beat-af.com\/wp-content\/uploads\/2021\/10\/AFA-Icon-Logo_US-768x449.png 768w, https:\/\/beat-af.com\/wp-content\/uploads\/2021\/10\/AFA-Icon-Logo_US-1536x898.png 1536w, https:\/\/beat-af.com\/wp-content\/uploads\/2021\/10\/AFA-Icon-Logo_US.png 1600w\" sizes=\"auto, (max-width: 215px) 100vw, 215px\" \/><\/a><\/p>\r\n<p>\u00a0<\/p>\r\n<p>\u00a0<\/p>\r\n\r\n\t\t<\/div>\n\t<\/div>\n\n\t\r\n\r\n<\/div>\r\n\r\n\t\t<\/div>\n\n\t\t\n<style scope=\"scope\">\n\n#section_395947611 {\n  padding-top: 30px;\n  padding-bottom: 30px;\n}\n<\/style>\n\t<\/section>\n\t\r\n\t<section class=\"section dark\" id=\"section_1179112094\">\n\t\t<div class=\"bg section-bg fill bg-fill  bg-loaded\" >\n\n\t\t\t\n\t\t\t\n\t\t\t\n\n\t\t<\/div>\n\n\t\t<div class=\"section-content relative\">\n\t\t\t\n\n\t<div id=\"gap-2117603858\" class=\"gap-element clearfix\" style=\"display:block; height:auto;\">\n\t\t\n<style scope=\"scope\">\n\n#gap-2117603858 {\n  padding-top: 30px;\n}\n<\/style>\n\t<\/div>\n\t\n\n<div class=\"row\"  id=\"row-1815881293\">\n\n\n\t<div class=\"col medium-12 small-12 large-4\"  >\n\t\t<div class=\"col-inner\"  >\n\t\t\t\n\t\t\t\n\n\t<div class=\"img has-hover x md-x lg-x y md-y lg-y\" id=\"image_1734888896\">\n\t\t\t\t\t\t\t\t<div class=\"img-inner dark\" >\n\t\t\t<img loading=\"lazy\" decoding=\"async\" width=\"417\" height=\"191\" src=\"https:\/\/beat-af.com\/wp-content\/uploads\/2021\/02\/Untitled-design-e1614040997588.png\" class=\"attachment-large size-large\" alt=\"\" \/>\t\t\t\t\t\t\n\t\t\t\t\t<\/div>\n\t\t\t\t\t\t\t\t\n<style scope=\"scope\">\n\n#image_1734888896 {\n  width: 60%;\n}\n\n\n@media (min-width:550px) {\n\n  #image_1734888896 {\n    width: 30%;\n  }\n\n}\n\n\n@media (min-width:850px) {\n\n  #image_1734888896 {\n    width: 60%;\n  }\n\n}\n<\/style>\n\t<\/div>\n\t\n\n\t<div id=\"gap-1618397258\" class=\"gap-element clearfix\" style=\"display:block; height:auto;\">\n\t\t\n<style scope=\"scope\">\n\n#gap-1618397258 {\n  padding-top: 10px;\n}\n<\/style>\n\t<\/div>\n\t\n\n<p>IHU Liryc<br \/>\nCampus Xavier Arnozan<br \/>\nAvenue du Haut L\u00e9v\u00e8que, 33600 Pessac-Bordeaux-France<\/p>\n<a href=\"http:\/\/+335%203538%201938\" target=\"_self\" class=\"button white is-link is-small\"  >\n  <i class=\"icon-phone\" ><\/i>  <span>Call us<\/span>\n  <\/a>\n\n\n<a href=\"http:\/\/beat-af.management@ihu-liryc.fr\" target=\"_self\" class=\"button white is-link is-small\"  >\n  <i class=\"icon-envelop\" ><\/i>  <span>E-mail<\/span>\n  <\/a>\n\n\n\n\t\t<\/div>\n\t<\/div>\n\n\t\n\n\t<div class=\"col medium-12 small-12 large-8\"  >\n\t\t<div class=\"col-inner\"  >\n\t\t\t\n\t\t\t\n\n<div class=\"row row-small\"  id=\"row-343840217\">\n\n\n\t<div class=\"col hide-for-medium medium-8 small-12 large-8\"  >\n\t\t<div class=\"col-inner\" style=\"margin:-21px 0px 0px -74px;\" >\n\t\t\t\n\t\t\t\n\n<ul class=\"sidebar-wrapper ul-reset\"><\/ul>\n\n\n\t\t<\/div>\n\t<\/div>\n\n\t\n\n\t<div class=\"col show-for-small medium-8 small-12 large-8\"  >\n\t\t<div class=\"col-inner\" style=\"margin:0px 0px 0px -17px;\" >\n\t\t\t\n\t\t\t\n\n<ul class=\"sidebar-wrapper ul-reset\"><\/ul>\n\n\n\t\t<\/div>\n\t<\/div>\n\n\t\n\n\t<div class=\"col show-for-medium hide-for-small medium-8 small-12 large-8\"  >\n\t\t<div class=\"col-inner\"  >\n\t\t\t\n\t\t\t\n\n<ul class=\"sidebar-wrapper ul-reset\"><\/ul>\n\n\n\t\t<\/div>\n\t<\/div>\n\n\t\n\n\t<div class=\"col medium-4 small-12 large-4\"  >\n\t\t<div class=\"col-inner\"  >\n\t\t\t\n\t\t\t\n\n<h4>Menu<\/h4>\n<ul>\n<li class=\"bullet-arrow\"><span style=\"font-size: 90%;\"><a href=\"#\">Home<\/a><\/span><\/li>\n<li class=\"bullet-arrow\"><span style=\"font-size: 90%;\"><a href=\"#\">About the trial<\/a><\/span><\/li>\n<li class=\"bullet-arrow\"><span style=\"font-size: 90%;\"><a href=\"#\">Publications<\/a><\/span><\/li>\n<li class=\"bullet-arrow\"><span style=\"font-size: 90%;\"><a href=\"#\">Meet the participant<\/a><\/span><\/li>\n<li class=\"bullet-arrow\"><span style=\"font-size: 90%;\"><a href=\"#\">What is AF<\/a><\/span><\/li>\n<li class=\"bullet-arrow\"><span style=\"font-size: 90%;\"><a href=\"#\">What is PFA<\/a><\/span><\/li>\n<li class=\"bullet-arrow\"><span style=\"font-size: 90%;\"><a href=\"#\">Contact Us<\/a><\/span><\/li>\n<li class=\"bullet-arrow\"><span style=\"font-size: 90%;\"><a href=\"#\">Members Login<\/a><\/span><\/li>\n<\/ul>\n\n\t\t<\/div>\n\t<\/div>\n\n\t\n\n\n<style scope=\"scope\">\n\n<\/style>\n<\/div>\n\n\t\t<\/div>\n\t<\/div>\n\n\t\n\n\n<style scope=\"scope\">\n\n<\/style>\n<\/div>\n<div class=\"row\"  id=\"row-183314568\">\n\n\n\t<div class=\"col small-12 large-12\"  >\n\t\t<div class=\"col-inner\" style=\"margin:-30px 0px -30px 0px;\" >\n\t\t\t\n\t\t\t\n\n<div class=\"is-divider divider clearfix\" style=\"max-width:100%;height:2px;background-color:rgb(255, 255, 255);\"><\/div>\n\n\n\t\t<\/div>\n\t<\/div>\n\n\t\n\n\n<style scope=\"scope\">\n\n<\/style>\n<\/div>\n<div class=\"row hide-for-small\"  id=\"row-1896467219\">\n\n\n\t<div class=\"col medium-4 small-12 large-4\"  >\n\t\t<div class=\"col-inner text-left\"  >\n\t\t\t\n\t\t\t\n\n<p>&nbsp;<\/p>\n<p>\u00a9 2026 Beat AF<\/p>\n\n\t\t<\/div>\n\t<\/div>\n\n\t\n\n\t<div class=\"col medium-4 small-12 large-4\"  >\n\t\t<div class=\"col-inner\"  >\n\t\t\t\n\t\t\t\n\n<div class=\"social-icons follow-icons full-width text-center\" ><a href=\"#\" target=\"_blank\" data-label=\"Facebook\"  rel=\"noopener noreferrer nofollow\" class=\"icon plain facebook tooltip\" title=\"Follow on Facebook\"><i class=\"icon-facebook\" ><\/i><\/a><a href=\"#\" target=\"_blank\" rel=\"noopener noreferrer nofollow\" data-label=\"Instagram\" class=\"icon plain  instagram tooltip\" title=\"Follow on Instagram\"><i class=\"icon-instagram\" ><\/i><\/a><a href=\"#\" target=\"_blank\"  data-label=\"Twitter\"  rel=\"noopener noreferrer nofollow\" class=\"icon plain  twitter tooltip\" title=\"Follow on Twitter\"><i class=\"icon-twitter\" ><\/i><\/a><a href=\"#\" target=\"_blank\" rel=\"noopener noreferrer nofollow\" data-label=\"LinkedIn\" class=\"icon plain  linkedin tooltip\" title=\"Follow on LinkedIn\"><i class=\"icon-linkedin\" ><\/i><\/a><\/div>\n\n\n\t\t<\/div>\n\t<\/div>\n\n\t\n\n\t<div class=\"col medium-4 small-12 large-4\"  >\n\t\t<div class=\"col-inner text-right\"  >\n\t\t\t\n\t\t\t\n\n<a class=\"button white is-link is-small\"  >\n    <span>Terms<\/span>\n  <\/a>\n\n\n<a class=\"button white is-link is-small\"  >\n    <span>Privacy<\/span>\n  <\/a>\n\n\n<a class=\"button white is-link is-small\"  >\n    <span>Cookies<\/span>\n  <\/a>\n\n\n\n\t\t<\/div>\n\t<\/div>\n\n\t\n\n\n<style scope=\"scope\">\n\n<\/style>\n<\/div>\n<div class=\"row show-for-small\"  id=\"row-1184670032\">\n\n\n\t<div class=\"col small-12 large-12\"  >\n\t\t<div class=\"col-inner text-center\"  >\n\t\t\t\n\t\t\t\n\n<div class=\"social-icons follow-icons full-width text-center\" ><a href=\"#\" target=\"_blank\" data-label=\"Facebook\"  rel=\"noopener noreferrer nofollow\" class=\"icon plain facebook tooltip\" title=\"Follow on Facebook\"><i class=\"icon-facebook\" ><\/i><\/a><a href=\"#\" target=\"_blank\" rel=\"noopener noreferrer nofollow\" data-label=\"Instagram\" class=\"icon plain  instagram tooltip\" title=\"Follow on Instagram\"><i class=\"icon-instagram\" ><\/i><\/a><a href=\"#\" target=\"_blank\"  data-label=\"Twitter\"  rel=\"noopener noreferrer nofollow\" class=\"icon plain  twitter tooltip\" title=\"Follow on Twitter\"><i class=\"icon-twitter\" ><\/i><\/a><a href=\"#\" target=\"_blank\" rel=\"noopener noreferrer nofollow\" data-label=\"LinkedIn\" class=\"icon plain  linkedin tooltip\" title=\"Follow on LinkedIn\"><i class=\"icon-linkedin\" ><\/i><\/a><\/div>\n\n\t<div id=\"gap-1854534630\" class=\"gap-element clearfix\" style=\"display:block; height:auto;\">\n\t\t\n<style scope=\"scope\">\n\n#gap-1854534630 {\n  padding-top: 10px;\n}\n<\/style>\n\t<\/div>\n\t\n\n<p>\u00a9<br \/>\n2026 UX Themes<\/p>\n<a class=\"button white is-link is-small\"  >\n    <span>Terms<\/span>\n  <\/a>\n\n\n<a class=\"button white is-link is-small\"  >\n    <span>Privacy<\/span>\n  <\/a>\n\n\n<a class=\"button white is-link is-small\"  >\n    <span>Cookies<\/span>\n  <\/a>\n\n\n\n\t\t<\/div>\n\t<\/div>\n\n\t\n\n\n<style scope=\"scope\">\n\n<\/style>\n<\/div>\n\n\t\t<\/div>\n\n\t\t\n<style scope=\"scope\">\n\n#section_1179112094 {\n  padding-top: 30px;\n  padding-bottom: 30px;\n  background-color: rgb(0,0,0);\n}\n\n\n@media (min-width:550px) {\n\n  #section_1179112094 {\n    padding-top: 60px;\n    padding-bottom: 60px;\n  }\n\n}\n<\/style>\n\t<\/section>\n\t\r\n\r\n\r\n","protected":false},"excerpt":{"rendered":"","protected":false},"author":1,"featured_media":0,"parent":0,"menu_order":0,"comment_status":"closed","ping_status":"closed","template":"page-blank.php","meta":{"footnotes":""},"class_list":["post-1470","page","type-page","status-publish","hentry"],"_links":{"self":[{"href":"https:\/\/beat-af.com\/index.php?rest_route=\/wp\/v2\/pages\/1470","targetHints":{"allow":["GET"]}}],"collection":[{"href":"https:\/\/beat-af.com\/index.php?rest_route=\/wp\/v2\/pages"}],"about":[{"href":"https:\/\/beat-af.com\/index.php?rest_route=\/wp\/v2\/types\/page"}],"author":[{"embeddable":true,"href":"https:\/\/beat-af.com\/index.php?rest_route=\/wp\/v2\/users\/1"}],"replies":[{"embeddable":true,"href":"https:\/\/beat-af.com\/index.php?rest_route=%2Fwp%2Fv2%2Fcomments&post=1470"}],"version-history":[{"count":3,"href":"https:\/\/beat-af.com\/index.php?rest_route=\/wp\/v2\/pages\/1470\/revisions"}],"predecessor-version":[{"id":1473,"href":"https:\/\/beat-af.com\/index.php?rest_route=\/wp\/v2\/pages\/1470\/revisions\/1473"}],"wp:attachment":[{"href":"https:\/\/beat-af.com\/index.php?rest_route=%2Fwp%2Fv2%2Fmedia&parent=1470"}],"curies":[{"name":"wp","href":"https:\/\/api.w.org\/{rel}","templated":true}]}}