{"id":1275,"date":"2022-03-16T06:49:47","date_gmt":"2022-03-16T06:49:47","guid":{"rendered":"https:\/\/beat-af.com\/?page_id=1275"},"modified":"2022-03-21T11:53:06","modified_gmt":"2022-03-21T11:53:06","slug":"fibrillation-atriale","status":"publish","type":"page","link":"https:\/\/beat-af.com\/?page_id=1275&lang=fr","title":{"rendered":"Fibrillation Atriale"},"content":{"rendered":"\r\n\t<section class=\"section\" id=\"section_2001196082\">\n\t\t<div class=\"bg section-bg fill bg-fill  bg-loaded\" >\n\n\t\t\t\n\t\t\t\n\t\t\t\n\n\t\t<\/div>\n\n\t\t<div class=\"section-content relative\">\n\t\t\t\r\n<h1 style=\"text-align: center;\"><span style=\"font-size: 60px;\">QU&#8217;EST-CE QUE L&#8217;AF ?<\/span><\/h1>\r\n<div class=\"is-divider divider clearfix\" ><\/div> <div class=\"row\"  id=\"row-1378759849\"> \n\t<div class=\"col medium-7 small-12 large-7\"  >\n\t\t<div class=\"col-inner\"  >\n\t\t\t\n\t\t\t \t<div class=\"img has-hover x md-x lg-x y md-y lg-y\" id=\"image_499794145\">\n\t\t\t\t\t\t\t\t<div class=\"img-inner dark\" >\n\t\t\t<img loading=\"lazy\" decoding=\"async\" width=\"1020\" height=\"680\" src=\"https:\/\/beat-af.com\/wp-content\/uploads\/2021\/10\/iStock-175196412-1200x800.jpg\" class=\"attachment-large size-large\" alt=\"\" srcset=\"https:\/\/beat-af.com\/wp-content\/uploads\/2021\/10\/iStock-175196412-1200x800.jpg 1200w, https:\/\/beat-af.com\/wp-content\/uploads\/2021\/10\/iStock-175196412-600x400.jpg 600w, https:\/\/beat-af.com\/wp-content\/uploads\/2021\/10\/iStock-175196412-768x512.jpg 768w, https:\/\/beat-af.com\/wp-content\/uploads\/2021\/10\/iStock-175196412-1536x1024.jpg 1536w, https:\/\/beat-af.com\/wp-content\/uploads\/2021\/10\/iStock-175196412-2048x1365.jpg 2048w\" sizes=\"auto, (max-width: 1020px) 100vw, 1020px\" \/>\t\t\t\t\t\t\n\t\t\t\t\t<\/div>\n\t\t\t\t\t\t\t\t\n<style scope=\"scope\">\n\n#image_499794145 {\n  width: 100%;\n}\n<\/style>\n\t<\/div>\n\t \t\t<\/div>\n\t<\/div>\n\n\t \n\t<div class=\"col medium-5 small-12 large-5\"  >\n\t\t<div class=\"col-inner\"  >\n\t\t\t\n\t\t\t\r\n<p>La fibrillation auriculaire (FAib) est la perturbation du rythme cardiaque la plus courante rencontr\u00e9e par les m\u00e9decins.<\/p>\r\n<p>Elle peut affecter les adultes de tout \u00e2ge, mais elle est plus fr\u00e9quente \u00e0 mesure que les gens vieillissent. Dans la tranche d&#8217;\u00e2ge des plus de 65 ans, elle touche environ 10 % des personnes. La fibrillation auriculaire n&#8217;est pas un probl\u00e8me de rythme cardiaque potentiellement mortel, mais elle peut \u00eatre g\u00eanante et n\u00e9cessite souvent un traitement.<\/p>\r\n<p>La fibrillation auriculaire ou AFib survient lorsqu&#8217;une activit\u00e9 \u00e9lectrique chaotique se d\u00e9veloppe dans les cavit\u00e9s sup\u00e9rieures ou les oreillettes et prend compl\u00e8tement le relais du n\u0153ud sinusal. De ce fait, les oreillettes ne battent plus de mani\u00e8re organis\u00e9e, et pompent moins efficacement. Le n\u0153ud AV emp\u00eachera certaines de ces impulsions tr\u00e8s rapides de se d\u00e9placer vers les ventricules, mais les ventricules continueront de battre irr\u00e9guli\u00e8rement et \u00e9ventuellement rapidement.<\/p>\r\n\t\t<\/div>\n\t<\/div>\n\n\t <\/div> \t\t<\/div>\n\n\t\t\n<style scope=\"scope\">\n\n#section_2001196082 {\n  padding-top: 30px;\n  padding-bottom: 30px;\n  background-color: #1f3989;\n}\n<\/style>\n\t<\/section>\n\t \t<section class=\"section\" id=\"section_755220769\">\n\t\t<div class=\"bg section-bg fill bg-fill  bg-loaded\" >\n\n\t\t\t\n\t\t\t\n\t\t\t\n\t<div class=\"is-border\"\n\t\tstyle=\"border-color:rgb(235, 235, 235);border-width:1px 0px 0px 0px;\">\n\t<\/div>\n\n\t\t<\/div>\n\n\t\t<div class=\"section-content relative\">\n\t\t\t <div class=\"row row-large align-middle align-center\"  id=\"row-800506999\"> \n\t<div class=\"col medium-4 small-12 large-4\"  >\n\t\t<div class=\"col-inner\"  >\n\t\t\t\n\t\t\t \t<div class=\"img has-hover x md-x lg-x y md-y lg-y\" id=\"image_1769605276\">\n\t\t\t\t\t\t\t\t<div class=\"img-inner dark\" >\n\t\t\t<img loading=\"lazy\" decoding=\"async\" width=\"1020\" height=\"511\" src=\"https:\/\/beat-af.com\/wp-content\/uploads\/2021\/10\/Image-12-HD-1400x701.jpg\" class=\"attachment-large size-large\" alt=\"\" srcset=\"https:\/\/beat-af.com\/wp-content\/uploads\/2021\/10\/Image-12-HD-1400x701.jpg 1400w, https:\/\/beat-af.com\/wp-content\/uploads\/2021\/10\/Image-12-HD-800x400.jpg 800w, https:\/\/beat-af.com\/wp-content\/uploads\/2021\/10\/Image-12-HD-768x384.jpg 768w, https:\/\/beat-af.com\/wp-content\/uploads\/2021\/10\/Image-12-HD-1536x769.jpg 1536w, https:\/\/beat-af.com\/wp-content\/uploads\/2021\/10\/Image-12-HD-2048x1025.jpg 2048w\" sizes=\"auto, (max-width: 1020px) 100vw, 1020px\" \/>\t\t\t\t\t\t\n\t\t\t\t\t<\/div>\n\t\t\t\t\t\t\t\t\n<style scope=\"scope\">\n\n#image_1769605276 {\n  width: 100%;\n}\n<\/style>\n\t<\/div>\n\t \t\t<\/div>\n\t<\/div>\n\n\t \n\t<div class=\"col medium-6 small-12 large-6\"  >\n\t\t<div class=\"col-inner text-center\"  >\n\t\t\t\n\t\t\t\r\n<h2><span style=\"color: #282828;\">Sympt\u00f4mes de la FA<\/span><\/h2>\r\n<h3><span style=\"color: #282828;\">Palpitations<\/span><\/h3>\r\n<p><span style=\"color: #282828;\">Autrement connues sous le nom de conscience du rythme cardiaque, les palpitations sont le sympt\u00f4me le plus courant de la fibrillation auriculaire. Ils peuvent \u00eatre rapides. Le terme \u00ab\u00a0palpitations\u00a0\u00bb peut signifier diff\u00e9rentes choses pour diff\u00e9rentes personnes, mais il fait g\u00e9n\u00e9ralement r\u00e9f\u00e9rence au sentiment que quelque chose est anormal dans le rythme cardiaque.<\/span><\/p>\r\n<h3><span style=\"color: #282828;\">Fatigue<\/span><\/h3>\r\n<p><span style=\"color: #282828;\">Les causes de la fatigue peuvent \u00eatre difficiles \u00e0 isoler ou \u00e0 cerner, mais cela peut signifier n&#8217;importe quoi, d&#8217;un manque g\u00e9n\u00e9ral d&#8217;\u00e9nergie et d&#8217;une diminution de la tol\u00e9rance \u00e0 l&#8217;exercice \u00e0 la fatigue chronique. Parfois, si les m\u00e9dicaments antiarythmiques peuvent causer de la fatigue. La fatigue peut \u00e9galement \u00eatre une caract\u00e9ristique des personnes atteintes de fibrillation auriculaire en plus de l&#8217;insuffisance cardiaque.<\/span><\/p>\r\n<h3><span style=\"color: #282828;\">Essoufflement<\/span><\/h3>\r\n<p><span style=\"color: #282828;\">L&#8217;essoufflement peut \u00eatre l\u00e9ger \u00e0 aigu et peut \u00eatre d\u00fb \u00e0 une activit\u00e9 ventriculaire rapide.<\/span><\/p>\r\n<h3><span style=\"color: #282828;\">Vertiges ou \u00e9tourdissements<\/span><\/h3>\r\n<h3><span style=\"color: #282828;\">Blackout (syncope)<\/span><\/h3>\r\n<h3><span style=\"color: #282828;\">Douleur ou g\u00eane thoracique (angine de poitrine)<\/span><\/h3>\r\n<h3><span style=\"color: #282828;\">Troubles du sommeil ou insomnie<\/span><\/h3>\r\n<h3><span style=\"color: #282828;\">Aucun sympt\u00f4me<\/span><\/h3>\r\n<p>&nbsp;<\/p>\r\n\t\t<\/div>\n\t<\/div>\n\n\t \n<style scope=\"scope\">\n\n<\/style>\n<\/div> \t\t<\/div>\n\n\t\t\n<style scope=\"scope\">\n\n#section_755220769 {\n  padding-top: 59px;\n  padding-bottom: 59px;\n  min-height: 300px;\n  background-color: rgb(255, 255, 255);\n}\n<\/style>\n\t<\/section>\n\t \t<section class=\"section\" id=\"section_1520945019\">\n\t\t<div class=\"bg section-bg fill bg-fill  bg-loaded\" >\n\n\t\t\t\n\t\t\t\n\t\t\t\n\n\t\t<\/div>\n\n\t\t<div class=\"section-content relative\">\n\t\t\t <div class=\"row\"  id=\"row-57095464\"> \n\t<div class=\"col small-12 large-12\"  >\n\t\t<div class=\"col-inner\"  >\n\t\t\t\n\t\t\t\r\n<p style=\"font-size: 18px;\">Cela peut \u00eatre le cas m\u00eame pour les personnes atteintes de fibrillation auriculaire permanente. Il est important que la fibrillation auriculaire soit diagnostiqu\u00e9e rapidement, mais souvent elle n&#8217;est d\u00e9couverte que lors d&#8217;un examen m\u00e9dical de routine ou accidentellement apr\u00e8s avoir consult\u00e9 un m\u00e9decin pour un probl\u00e8me de sant\u00e9 non li\u00e9. Le patient en souffre peut-\u00eatre d\u00e9j\u00e0 sans le savoir depuis plusieurs ann\u00e9es. Parfois, il peut n&#8217;\u00eatre d\u00e9couvert qu&#8217;au service des urgences chez un patient qui a pr\u00e9sent\u00e9 un accident vasculaire c\u00e9r\u00e9bral, la condition m\u00eame que les m\u00e9dicaments auraient pu pr\u00e9venir. (Texte copyright AFAssociation)<\/p>\r\n<p>&nbsp;<\/p>\r\n<p>Pour plus d&#8217;informations visitez: https:\/\/www.heartrhythmalliance.org<\/p>\r\n<p>&nbsp;<\/p>\r\n<p><a href=\"https:\/\/www.heartrhythmalliance.org\"><img loading=\"lazy\" decoding=\"async\" class=\"wp-image-1169 aligncenter\" src=\"http:\/\/beat-af.com\/wp-content\/uploads\/2021\/10\/AFA-Icon-Logo_US-684x400.png\" alt=\"\" width=\"215\" height=\"126\" srcset=\"https:\/\/beat-af.com\/wp-content\/uploads\/2021\/10\/AFA-Icon-Logo_US-684x400.png 684w, https:\/\/beat-af.com\/wp-content\/uploads\/2021\/10\/AFA-Icon-Logo_US-1369x800.png 1369w, https:\/\/beat-af.com\/wp-content\/uploads\/2021\/10\/AFA-Icon-Logo_US-768x449.png 768w, https:\/\/beat-af.com\/wp-content\/uploads\/2021\/10\/AFA-Icon-Logo_US-1536x898.png 1536w, https:\/\/beat-af.com\/wp-content\/uploads\/2021\/10\/AFA-Icon-Logo_US.png 1600w\" sizes=\"auto, (max-width: 215px) 100vw, 215px\" \/><\/a><\/p>\r\n<p>&nbsp;<\/p>\r\n<p>&nbsp;<\/p>\r\n\t\t<\/div>\n\t<\/div>\n\n\t <\/div> \t\t<\/div>\n\n\t\t\n<style scope=\"scope\">\n\n#section_1520945019 {\n  padding-top: 30px;\n  padding-bottom: 30px;\n}\n<\/style>\n\t<\/section>\n\t \t<section class=\"section dark\" id=\"section_2092158510\">\n\t\t<div class=\"bg section-bg fill bg-fill  bg-loaded\" >\n\n\t\t\t\n\t\t\t\n\t\t\t\n\n\t\t<\/div>\n\n\t\t<div class=\"section-content relative\">\n\t\t\t\n\n\t<div id=\"gap-1397660604\" class=\"gap-element clearfix\" style=\"display:block; height:auto;\">\n\t\t\n<style scope=\"scope\">\n\n#gap-1397660604 {\n  padding-top: 30px;\n}\n<\/style>\n\t<\/div>\n\t\n\n<div class=\"row\"  id=\"row-284234067\">\n\n\n\t<div class=\"col medium-12 small-12 large-4\"  >\n\t\t<div class=\"col-inner\"  >\n\t\t\t\n\t\t\t\n\n\t<div class=\"img has-hover x md-x lg-x y md-y lg-y\" id=\"image_1872077431\">\n\t\t\t\t\t\t\t\t<div class=\"img-inner dark\" >\n\t\t\t<img loading=\"lazy\" decoding=\"async\" width=\"417\" height=\"191\" src=\"https:\/\/beat-af.com\/wp-content\/uploads\/2021\/02\/Untitled-design-e1614040997588.png\" class=\"attachment-large size-large\" alt=\"\" \/>\t\t\t\t\t\t\n\t\t\t\t\t<\/div>\n\t\t\t\t\t\t\t\t\n<style scope=\"scope\">\n\n#image_1872077431 {\n  width: 60%;\n}\n\n\n@media (min-width:550px) {\n\n  #image_1872077431 {\n    width: 30%;\n  }\n\n}\n\n\n@media (min-width:850px) {\n\n  #image_1872077431 {\n    width: 60%;\n  }\n\n}\n<\/style>\n\t<\/div>\n\t\n\n\t<div id=\"gap-144753400\" class=\"gap-element clearfix\" style=\"display:block; height:auto;\">\n\t\t\n<style scope=\"scope\">\n\n#gap-144753400 {\n  padding-top: 10px;\n}\n<\/style>\n\t<\/div>\n\t\n\n<p>IHU Liryc<br \/>\nCampus Xavier Arnozan<br \/>\nAvenue du Haut L\u00e9v\u00e8que, 33600 Pessac-Bordeaux-France<\/p>\n<a href=\"http:\/\/+335%203538%201938\" target=\"_self\" class=\"button white is-link is-small\"  >\n  <i class=\"icon-phone\" ><\/i>  <span>Call us<\/span>\n  <\/a>\n\n\n<a href=\"http:\/\/beat-af.management@ihu-liryc.fr\" target=\"_self\" class=\"button white is-link is-small\"  >\n  <i class=\"icon-envelop\" ><\/i>  <span>E-mail<\/span>\n  <\/a>\n\n\n\n\t\t<\/div>\n\t<\/div>\n\n\t\n\n\t<div class=\"col medium-12 small-12 large-8\"  >\n\t\t<div class=\"col-inner\"  >\n\t\t\t\n\t\t\t\n\n<div class=\"row row-small\"  id=\"row-156310366\">\n\n\n\t<div class=\"col hide-for-medium medium-8 small-12 large-8\"  >\n\t\t<div class=\"col-inner\" style=\"margin:-21px 0px 0px -74px;\" >\n\t\t\t\n\t\t\t\n\n<ul class=\"sidebar-wrapper ul-reset\"><\/ul>\n\n\n\t\t<\/div>\n\t<\/div>\n\n\t\n\n\t<div class=\"col show-for-small medium-8 small-12 large-8\"  >\n\t\t<div class=\"col-inner\" style=\"margin:0px 0px 0px -17px;\" >\n\t\t\t\n\t\t\t\n\n<ul class=\"sidebar-wrapper ul-reset\"><\/ul>\n\n\n\t\t<\/div>\n\t<\/div>\n\n\t\n\n\t<div class=\"col show-for-medium hide-for-small medium-8 small-12 large-8\"  >\n\t\t<div class=\"col-inner\"  >\n\t\t\t\n\t\t\t\n\n<ul class=\"sidebar-wrapper ul-reset\"><\/ul>\n\n\n\t\t<\/div>\n\t<\/div>\n\n\t\n\n\t<div class=\"col medium-4 small-12 large-4\"  >\n\t\t<div class=\"col-inner\"  >\n\t\t\t\n\t\t\t\n\n<h4>Menu<\/h4>\n<ul>\n<li class=\"bullet-arrow\"><span style=\"font-size: 90%;\"><a href=\"#\">Home<\/a><\/span><\/li>\n<li class=\"bullet-arrow\"><span style=\"font-size: 90%;\"><a href=\"#\">About the trial<\/a><\/span><\/li>\n<li class=\"bullet-arrow\"><span style=\"font-size: 90%;\"><a href=\"#\">Publications<\/a><\/span><\/li>\n<li class=\"bullet-arrow\"><span style=\"font-size: 90%;\"><a href=\"#\">Meet the participant<\/a><\/span><\/li>\n<li class=\"bullet-arrow\"><span style=\"font-size: 90%;\"><a href=\"#\">What is AF<\/a><\/span><\/li>\n<li class=\"bullet-arrow\"><span style=\"font-size: 90%;\"><a href=\"#\">What is PFA<\/a><\/span><\/li>\n<li class=\"bullet-arrow\"><span style=\"font-size: 90%;\"><a href=\"#\">Contact Us<\/a><\/span><\/li>\n<li class=\"bullet-arrow\"><span style=\"font-size: 90%;\"><a href=\"#\">Members Login<\/a><\/span><\/li>\n<\/ul>\n\n\t\t<\/div>\n\t<\/div>\n\n\t\n\n\n<style scope=\"scope\">\n\n<\/style>\n<\/div>\n\n\t\t<\/div>\n\t<\/div>\n\n\t\n\n\n<style scope=\"scope\">\n\n<\/style>\n<\/div>\n<div class=\"row\"  id=\"row-1744121949\">\n\n\n\t<div class=\"col small-12 large-12\"  >\n\t\t<div class=\"col-inner\" style=\"margin:-30px 0px -30px 0px;\" >\n\t\t\t\n\t\t\t\n\n<div class=\"is-divider divider clearfix\" style=\"max-width:100%;height:2px;background-color:rgb(255, 255, 255);\"><\/div>\n\n\n\t\t<\/div>\n\t<\/div>\n\n\t\n\n\n<style scope=\"scope\">\n\n<\/style>\n<\/div>\n<div class=\"row hide-for-small\"  id=\"row-381817933\">\n\n\n\t<div class=\"col medium-4 small-12 large-4\"  >\n\t\t<div class=\"col-inner text-left\"  >\n\t\t\t\n\t\t\t\n\n<p>&nbsp;<\/p>\n<p>\u00a9 2026 Beat AF<\/p>\n\n\t\t<\/div>\n\t<\/div>\n\n\t\n\n\t<div class=\"col medium-4 small-12 large-4\"  >\n\t\t<div class=\"col-inner\"  >\n\t\t\t\n\t\t\t\n\n<div class=\"social-icons follow-icons full-width text-center\" ><a href=\"#\" target=\"_blank\" data-label=\"Facebook\"  rel=\"noopener noreferrer nofollow\" class=\"icon plain facebook tooltip\" title=\"Follow on Facebook\"><i class=\"icon-facebook\" ><\/i><\/a><a href=\"#\" target=\"_blank\" rel=\"noopener noreferrer nofollow\" data-label=\"Instagram\" class=\"icon plain  instagram tooltip\" title=\"Follow on Instagram\"><i class=\"icon-instagram\" ><\/i><\/a><a href=\"#\" target=\"_blank\"  data-label=\"Twitter\"  rel=\"noopener noreferrer nofollow\" class=\"icon plain  twitter tooltip\" title=\"Follow on Twitter\"><i class=\"icon-twitter\" ><\/i><\/a><a href=\"#\" target=\"_blank\" rel=\"noopener noreferrer nofollow\" data-label=\"LinkedIn\" class=\"icon plain  linkedin tooltip\" title=\"Follow on LinkedIn\"><i class=\"icon-linkedin\" ><\/i><\/a><\/div>\n\n\n\t\t<\/div>\n\t<\/div>\n\n\t\n\n\t<div class=\"col medium-4 small-12 large-4\"  >\n\t\t<div class=\"col-inner text-right\"  >\n\t\t\t\n\t\t\t\n\n<a class=\"button white is-link is-small\"  >\n    <span>Terms<\/span>\n  <\/a>\n\n\n<a class=\"button white is-link is-small\"  >\n    <span>Privacy<\/span>\n  <\/a>\n\n\n<a class=\"button white is-link is-small\"  >\n    <span>Cookies<\/span>\n  <\/a>\n\n\n\n\t\t<\/div>\n\t<\/div>\n\n\t\n\n\n<style scope=\"scope\">\n\n<\/style>\n<\/div>\n<div class=\"row show-for-small\"  id=\"row-1613016676\">\n\n\n\t<div class=\"col small-12 large-12\"  >\n\t\t<div class=\"col-inner text-center\"  >\n\t\t\t\n\t\t\t\n\n<div class=\"social-icons follow-icons full-width text-center\" ><a href=\"#\" target=\"_blank\" data-label=\"Facebook\"  rel=\"noopener noreferrer nofollow\" class=\"icon plain facebook tooltip\" title=\"Follow on Facebook\"><i class=\"icon-facebook\" ><\/i><\/a><a href=\"#\" target=\"_blank\" rel=\"noopener noreferrer nofollow\" data-label=\"Instagram\" class=\"icon plain  instagram tooltip\" title=\"Follow on Instagram\"><i class=\"icon-instagram\" ><\/i><\/a><a href=\"#\" target=\"_blank\"  data-label=\"Twitter\"  rel=\"noopener noreferrer nofollow\" class=\"icon plain  twitter tooltip\" title=\"Follow on Twitter\"><i class=\"icon-twitter\" ><\/i><\/a><a href=\"#\" target=\"_blank\" rel=\"noopener noreferrer nofollow\" data-label=\"LinkedIn\" class=\"icon plain  linkedin tooltip\" title=\"Follow on LinkedIn\"><i class=\"icon-linkedin\" ><\/i><\/a><\/div>\n\n\t<div id=\"gap-329760462\" class=\"gap-element clearfix\" style=\"display:block; height:auto;\">\n\t\t\n<style scope=\"scope\">\n\n#gap-329760462 {\n  padding-top: 10px;\n}\n<\/style>\n\t<\/div>\n\t\n\n<p>\u00a9<br \/>\n2026 UX Themes<\/p>\n<a class=\"button white is-link is-small\"  >\n    <span>Terms<\/span>\n  <\/a>\n\n\n<a class=\"button white is-link is-small\"  >\n    <span>Privacy<\/span>\n  <\/a>\n\n\n<a class=\"button white is-link is-small\"  >\n    <span>Cookies<\/span>\n  <\/a>\n\n\n\n\t\t<\/div>\n\t<\/div>\n\n\t\n\n\n<style scope=\"scope\">\n\n<\/style>\n<\/div>\n\n\t\t<\/div>\n\n\t\t\n<style scope=\"scope\">\n\n#section_2092158510 {\n  padding-top: 30px;\n  padding-bottom: 30px;\n  background-color: rgb(0,0,0);\n}\n\n\n@media (min-width:550px) {\n\n  #section_2092158510 {\n    padding-top: 60px;\n    padding-bottom: 60px;\n  }\n\n}\n<\/style>\n\t<\/section>\n\t\r\n","protected":false},"excerpt":{"rendered":"","protected":false},"author":1,"featured_media":0,"parent":0,"menu_order":0,"comment_status":"closed","ping_status":"closed","template":"page-blank.php","meta":{"footnotes":""},"class_list":["post-1275","page","type-page","status-publish","hentry"],"_links":{"self":[{"href":"https:\/\/beat-af.com\/index.php?rest_route=\/wp\/v2\/pages\/1275","targetHints":{"allow":["GET"]}}],"collection":[{"href":"https:\/\/beat-af.com\/index.php?rest_route=\/wp\/v2\/pages"}],"about":[{"href":"https:\/\/beat-af.com\/index.php?rest_route=\/wp\/v2\/types\/page"}],"author":[{"embeddable":true,"href":"https:\/\/beat-af.com\/index.php?rest_route=\/wp\/v2\/users\/1"}],"replies":[{"embeddable":true,"href":"https:\/\/beat-af.com\/index.php?rest_route=%2Fwp%2Fv2%2Fcomments&post=1275"}],"version-history":[{"count":3,"href":"https:\/\/beat-af.com\/index.php?rest_route=\/wp\/v2\/pages\/1275\/revisions"}],"predecessor-version":[{"id":1438,"href":"https:\/\/beat-af.com\/index.php?rest_route=\/wp\/v2\/pages\/1275\/revisions\/1438"}],"wp:attachment":[{"href":"https:\/\/beat-af.com\/index.php?rest_route=%2Fwp%2Fv2%2Fmedia&parent=1275"}],"curies":[{"name":"wp","href":"https:\/\/api.w.org\/{rel}","templated":true}]}}