{"id":1273,"date":"2022-03-16T06:48:52","date_gmt":"2022-03-16T06:48:52","guid":{"rendered":"https:\/\/beat-af.com\/?page_id=1273"},"modified":"2022-03-21T11:46:07","modified_gmt":"2022-03-21T11:46:07","slug":"beat-af","status":"publish","type":"page","link":"https:\/\/beat-af.com\/?page_id=1273&lang=fr","title":{"rendered":"BEAT -AF"},"content":{"rendered":"\r\n\t<section class=\"section\" id=\"section_1141118281\">\n\t\t<div class=\"bg section-bg fill bg-fill  bg-loaded\" >\n\n\t\t\t\n\t\t\t\n\t\t\t\n\n\t\t<\/div>\n\n\t\t<div class=\"section-content relative\">\n\t\t\t <div class=\"text-center\"><div class=\"is-divider divider clearfix\" style=\"max-width:213px;height:4px;background-color:rgb(212, 12, 12);\"><\/div><\/div>\r\n<h1 style=\"text-align: center; font-size: 60px;\">LE PROJET BEAT-AF<\/h1>\r\n\t<div id=\"gap-885850183\" class=\"gap-element clearfix\" style=\"display:block; height:auto;\">\n\t\t\n<style scope=\"scope\">\n\n#gap-885850183 {\n  padding-top: 30px;\n}\n<\/style>\n\t<\/div>\n\t <div class=\"row row-large align-middle\" style=\"max-width:1300px\" id=\"row-1769695062\"> \n\t<div class=\"col medium-12 small-12 large-7\"  >\n\t\t<div class=\"col-inner\"  >\n\t\t\t\n\t\t\t \n  <div class=\"banner has-hover\" id=\"banner-794938729\">\n          <div class=\"banner-inner fill\">\n        <div class=\"banner-bg fill\" >\n            <div class=\"bg fill bg-fill \"><\/div>\n                                    \n                    <\/div>\n        <div class=\"banner-layers container\">\n            <div class=\"fill banner-link\"><\/div>                     <\/div>\n      <\/div>\n\n            \n<style scope=\"scope\">\n\n#banner-794938729 {\n  padding-top: 300px;\n  background-color: rgb(255, 255, 255);\n}\n#banner-794938729 .bg.bg-loaded {\n  background-image: url(https:\/\/beat-af.com\/wp-content\/uploads\/2021\/10\/iStock-1027141710-1232x800.jpg);\n}\n\n\n@media (min-width:550px) {\n\n  #banner-794938729 {\n    padding-top: 500px;\n  }\n\n}\n<\/style>\n  <\/div>\n\n \t\t<\/div>\n\t<\/div>\n\n\t \n\t<div class=\"col medium-10 small-12 large-5\"  >\n\t\t<div class=\"col-inner\" style=\"padding:0px 0px 0px 30px;\" >\n\t\t\t\n\t\t\t \t<div id=\"gap-498848925\" class=\"gap-element clearfix\" style=\"display:block; height:auto;\">\n\t\t\n<style scope=\"scope\">\n\n#gap-498848925 {\n  padding-top: 30px;\n}\n<\/style>\n\t<\/div>\n\t\r\n<h2>THE BEAT-AF PROJECT<\/h2>\r\n<div class=\"is-divider divider clearfix\" style=\"max-width:100px;height:4px;background-color:rgb(212, 12, 12);\"><\/div>\r\n<p>Le BEAT-AF, Ground-BrEAking Electroporation-based inTervention for Atrial Fibrillation treatment est une action financ\u00e9e par le <a href=\"https:\/\/ec.europa.eu\/info\/funding-tenders\/opportunities\/portal\/screen\/home\"><span style=\"color: #ffff00;\">European Commission<\/span><\/a> pendant 60 mois et a commenc\u00e9 en mars, 1<sup>st<\/sup>, 2021. Il fait partie de l&#8217;agence HADEA <span style=\"color: #ffff00;\">(<a style=\"color: #ffff00;\" href=\"https:\/\/hadea.ec.europa.eu\/index_en\">European Health and Digital Executive Agency<\/a>)<\/span>.<\/p>\r\n<p>Le consortium BEAT-AF regroupe 9 partenaires de toute l&#8217;Europe (France, Allemagne, Belgique, Autriche, Tch\u00e9quie) pr\u00e9sent\u00e9s dans le \u00ab meet the centers \u00bb. Le coordinateur est <a href=\"https:\/\/www.ihu-liryc.fr\/fr\/professeur-pierre-jais\/\"><span style=\"color: #ffff00;\">Pr Pierre Ja\u00efs<\/span><\/a> de l&#8217;Universit\u00e9 de Bordeaux.<\/p>\r\n\t\t<\/div>\n\t<\/div>\n\n\t \n<style scope=\"scope\">\n\n<\/style>\n<\/div> <div class=\"row row-large align-middle\" style=\"max-width:1300px\" id=\"row-1053788285\"> \n\t<div class=\"col medium-10 small-12 large-5\"  >\n\t\t<div class=\"col-inner\" style=\"padding:0px 0px 0px 30px;\" >\n\t\t\t\n\t\t\t \t<div id=\"gap-696100249\" class=\"gap-element clearfix\" style=\"display:block; height:auto;\">\n\t\t\n<style scope=\"scope\">\n\n#gap-696100249 {\n  padding-top: 30px;\n}\n<\/style>\n\t<\/div>\n\t\r\n<h2>FIBRILLATION AURICULAIRE<\/h2>\r\n<div class=\"is-divider divider clearfix\" style=\"max-width:100px;height:4px;background-color:rgb(212, 12, 12);\"><\/div>\r\n<p>La fibrillation auriculaire (FA), l&#8217;arythmie la plus courante, repr\u00e9sente 1\/3 des d\u00e9penses cardiovasculaires, avec plus de 10 millions de personnes touch\u00e9es en Europe. Outre son impact significatif sur la qualit\u00e9 de vie, la FA expose les patients aux accidents vasculaires c\u00e9r\u00e9braux, \u00e0 l&#8217;insuffisance cardiaque, \u00e0 la d\u00e9mence et \u00e0 la mort. La FA est l&#8217;arythmie la plus fr\u00e9quemment supprim\u00e9e. L&#8217;isolement de la veine pulmonaire (IVP) est la pierre angulaire de l&#8217;ablation de la FA, pr\u00e9venant les r\u00e9cidives, en particulier chez les patients atteints de FA paroxystique. L&#8217;ablation par cath\u00e9ter de la FA utilise de l&#8217;\u00e9nergie radiofr\u00e9quence (RF) ou cryothermique (cryo). Le point commun \u00e0 ces sources d&#8217;\u00e9nergie thermique est leur d\u00e9pendance au chauffage\/refroidissement conducteur d\u00e9pendant du temps et le fait que ces modalit\u00e9s \u00e9liminent tous les types de tissus sans discrimination. La proc\u00e9dure d&#8217;ablation reste longue, n\u00e9cessite des comp\u00e9tences et de l&#8217;expertise, et a un taux de r\u00e9ussite limit\u00e9, principalement en raison de l\u00e9sions non durables apr\u00e8s PVI impliquant de fr\u00e9quentes reprises. Et ces \u00e9nergies sont associ\u00e9es \u00e0 des complications rares mais graves dues \u00e0 leur nature thermique.<\/p>\r\n<p>&nbsp;<\/p>\r\n\t\t<\/div>\n\t<\/div>\n\n\t \n\t<div class=\"col medium-12 small-12 large-7\"  >\n\t\t<div class=\"col-inner\"  >\n\t\t\t\n\t\t\t \t<div class=\"img has-hover x md-x lg-x y md-y lg-y\" id=\"image_1449072107\">\n\t\t\t\t\t\t\t\t<div class=\"img-inner dark\" >\n\t\t\t<img loading=\"lazy\" decoding=\"async\" width=\"800\" height=\"800\" src=\"https:\/\/beat-af.com\/wp-content\/uploads\/2021\/09\/9XHipJ7A-800x800.jpeg\" class=\"attachment-large size-large\" alt=\"\" srcset=\"https:\/\/beat-af.com\/wp-content\/uploads\/2021\/09\/9XHipJ7A-800x800.jpeg 800w, https:\/\/beat-af.com\/wp-content\/uploads\/2021\/09\/9XHipJ7A-400x400.jpeg 400w, https:\/\/beat-af.com\/wp-content\/uploads\/2021\/09\/9XHipJ7A-280x280.jpeg 280w, https:\/\/beat-af.com\/wp-content\/uploads\/2021\/09\/9XHipJ7A-768x768.jpeg 768w, https:\/\/beat-af.com\/wp-content\/uploads\/2021\/09\/9XHipJ7A-1536x1536.jpeg 1536w, https:\/\/beat-af.com\/wp-content\/uploads\/2021\/09\/9XHipJ7A-2048x2048.jpeg 2048w\" sizes=\"auto, (max-width: 800px) 100vw, 800px\" \/>\t\t\t\t\t\t\n\t\t\t\t\t<\/div>\n\t\t\t\t\t\t\t\t\n<style scope=\"scope\">\n\n#image_1449072107 {\n  width: 100%;\n}\n<\/style>\n\t<\/div>\n\t \t\t<\/div>\n\t<\/div>\n\n\t \n<style scope=\"scope\">\n\n<\/style>\n<\/div> <div class=\"row\"  id=\"row-1760924482\"> \n\t<div class=\"col small-12 large-12\"  >\n\t\t<div class=\"col-inner\"  >\n\t\t\t\n\t\t\t <div class=\"text-center\"><div class=\"is-divider divider clearfix\" style=\"max-width:226px;height:6px;background-color:rgb(31, 57, 137);\"><\/div><\/div>\r\n<h2 class=\"uppercase\" style=\"text-align: Center;\">THE BEAT AF TRIAL et ses objectifs<\/h2>\r\n<p>L&#8217;objectif de BEAT AF est de perturber l&#8217;ablation de la FA en obtenant une PVI durable avec des l\u00e9sions d&#8217;ablation permanentes, coalescentes et transmurales en utilisant l&#8217;\u00e9nergie du champ \u00e9lectrique puls\u00e9 (PEF). Le PEF est non thermique et cr\u00e9e des pores \u00e0 l&#8217;\u00e9chelle nanom\u00e9trique dans les membranes cellulaires. Les cellules cardiaques sont tr\u00e8s sensibles au PEF contrairement aux cellules phr\u00e9niques et \u0153sophagiennes.<\/p>\r\n<p>BEAT AF vise \u00e0 d\u00e9montrer que l&#8217;ablation PEF est plus rapide, plus efficace et plus s\u00fbre (s\u00e9lectivit\u00e9 tissulaire) que la RF ou la cryoablation. A cet effet, deux essais cliniques randomis\u00e9s distincts seront men\u00e9s :<\/p>\r\n<p>1) fournir la premi\u00e8re preuve comparative de la sup\u00e9riorit\u00e9 du DEP sur la RF sur le taux de r\u00e9cidive \u00e0 1 an de la FA paroxystique, et<\/p>\r\n<p>2) fournir la premi\u00e8re preuve de l&#8217;efficacit\u00e9 potentielle du PEF sur le taux de r\u00e9cidive clinique \u00e0 1 an pour la FA persistante.<\/p>\r\n<p>Le consortium BEAT AF rassemble 9 centres cliniques europ\u00e9ens renomm\u00e9s (France, R\u00e9publique tch\u00e8que, Allemagne, Autriche, Belgique) pour pr\u00e9parer le terrain pour de grands essais et contribuer \u00e0 r\u00e9duire l&#8217;\u00e9norme fardeau de la FA en Europe.<\/p>\r\n<pMISES \u00c0 JOUR:<\/p>\r\n<p><strong>September 2021<\/strong>: Nous travaillons \u00e0 l&#8217;obtention des autorisations pour mener les essais dans les diff\u00e9rents pays en soumettant le protocole aux comit\u00e9s d&#8217;\u00e9thique locaux, dans le cadre de la nouvelle loi europ\u00e9enne sur les essais de dispositifs m\u00e9dicaux.<\/p>\r\n<p>FACT SHEET BEAT AF:<\/p>\r\n<p><a href=\"https:\/\/cordis.europa.eu\/project\/id\/945125\">https:\/\/cordis.europa.eu\/project\/id\/945125<\/a><\/p>\r\n<p>&nbsp;<\/p>\r\n\t\t<\/div>\n\t<\/div>\n\n\t <\/div> \t\t<\/div>\n\n\t\t\n<style scope=\"scope\">\n\n#section_1141118281 {\n  padding-top: 50px;\n  padding-bottom: 50px;\n  background-color: #1f3989;\n}\n\n\n@media (min-width:550px) {\n\n  #section_1141118281 {\n    padding-top: 0px;\n    padding-bottom: 0px;\n  }\n\n}\n<\/style>\n\t<\/section>\n\t \t<section class=\"section\" id=\"section_466855490\">\n\t\t<div class=\"bg section-bg fill bg-fill  bg-loaded\" >\n\n\t\t\t\n\t\t\t\n\t\t\t\n\n\t\t<\/div>\n\n\t\t<div class=\"section-content relative\">\n\t\t\t \t<div id=\"gap-828797535\" class=\"gap-element clearfix\" style=\"display:block; height:auto;\">\n\t\t\n<style scope=\"scope\">\n\n#gap-828797535 {\n  padding-top: 60px;\n}\n<\/style>\n\t<\/div>\n\t <div class=\"row align-center\"  id=\"row-701485679\"> \n\t<div class=\"col medium-10 small-12 large-10\"  >\n\t\t<div class=\"col-inner\"  >\n\t\t\t\n\t\t\t <div class=\"row row-large\"  id=\"row-342511477\"> \n<style scope=\"scope\">\n\n<\/style>\n<\/div> \t\t<\/div>\n\t<\/div>\n\n\t \n<style scope=\"scope\">\n\n<\/style>\n<\/div> \t\t<\/div>\n\n\t\t\n<style scope=\"scope\">\n\n#section_466855490 {\n  padding-top: 0px;\n  padding-bottom: 0px;\n  background-color: #1f3989;\n}\n<\/style>\n\t<\/section>\n\t\r\n\n  <div class=\"banner has-hover\" id=\"banner-1267819838\">\n          <div class=\"banner-inner fill\">\n        <div class=\"banner-bg fill\" >\n            <div class=\"bg fill bg-fill \"><\/div>\n                        <div class=\"overlay\"><\/div>            \n                    <\/div>\n        <div class=\"banner-layers container\">\n            <div class=\"fill banner-link\"><\/div>                <div id=\"text-box-1669781793\" class=\"text-box banner-layer x50 md-x50 lg-x50 y50 md-y50 lg-y50 res-text\">\n                                <div class=\"text dark\">\n              \n              <div class=\"text-inner text-center\">\n                  \r\n<h1 style=\"text-transform: uppercase;\">Our Video<\/h1>\r\n              <\/div>\n           <\/div>\n                            \n<style scope=\"scope\">\n\n#text-box-1669781793 {\n  width: 88%;\n}\n#text-box-1669781793 .text {\n  font-size: 100%;\n}\n<\/style>\n    <\/div>\n          <\/div>\n      <\/div>\n\n            \n<style scope=\"scope\">\n\n#banner-1267819838 {\n  padding-top: 82px;\n  background-color: #1f3989;\n}\n#banner-1267819838 .overlay {\n  background-color: rgba(0, 0, 0, 0.17);\n}\n<\/style>\n  <\/div>\n\n <div class=\"row\" style=\"max-width:999px\" id=\"row-2140190673\"> \n\t<div class=\"col small-12 large-12\"  >\n\t\t<div class=\"col-inner\"  >\n\t\t\t\n\t\t\t\r\n<div class=\"epyt-video-wrapper\"><iframe loading=\"lazy\"  id=\"_ytid_20024\"  width=\"1020\" height=\"573\"  data-origwidth=\"1020\" data-origheight=\"573\"  data-relstop=\"1\" src=\"https:\/\/www.youtube.com\/embed\/1VdoCAAzod4?enablejsapi=1&autoplay=0&cc_load_policy=0&cc_lang_pref=&iv_load_policy=1&loop=0&modestbranding=1&rel=0&fs=1&playsinline=0&autohide=2&theme=dark&color=red&controls=1&\" class=\"__youtube_prefs__  no-lazyload\" title=\"YouTube player\"  allow=\"accelerometer; autoplay; clipboard-write; encrypted-media; gyroscope; picture-in-picture\" allowfullscreen data-no-lazy=\"1\" data-skipgform_ajax_framebjll=\"\"><\/iframe><\/div>\r\n\t\t<\/div>\n\t<\/div>\n\n\t \n<style scope=\"scope\">\n\n<\/style>\n<\/div>\r\n\t<section class=\"section dark\" id=\"section_1343114900\">\n\t\t<div class=\"bg section-bg fill bg-fill  bg-loaded\" >\n\n\t\t\t\n\t\t\t\n\t\t\t\n\n\t\t<\/div>\n\n\t\t<div class=\"section-content relative\">\n\t\t\t\n\n\t<div id=\"gap-1505671306\" class=\"gap-element clearfix\" style=\"display:block; height:auto;\">\n\t\t\n<style scope=\"scope\">\n\n#gap-1505671306 {\n  padding-top: 30px;\n}\n<\/style>\n\t<\/div>\n\t\n\n<div class=\"row\"  id=\"row-106092086\">\n\n\n\t<div class=\"col medium-12 small-12 large-4\"  >\n\t\t<div class=\"col-inner\"  >\n\t\t\t\n\t\t\t\n\n\t<div class=\"img has-hover x md-x lg-x y md-y lg-y\" id=\"image_200435155\">\n\t\t\t\t\t\t\t\t<div class=\"img-inner dark\" >\n\t\t\t<img loading=\"lazy\" decoding=\"async\" width=\"417\" height=\"191\" src=\"https:\/\/beat-af.com\/wp-content\/uploads\/2021\/02\/Untitled-design-e1614040997588.png\" class=\"attachment-large size-large\" alt=\"\" \/>\t\t\t\t\t\t\n\t\t\t\t\t<\/div>\n\t\t\t\t\t\t\t\t\n<style scope=\"scope\">\n\n#image_200435155 {\n  width: 60%;\n}\n\n\n@media (min-width:550px) {\n\n  #image_200435155 {\n    width: 30%;\n  }\n\n}\n\n\n@media (min-width:850px) {\n\n  #image_200435155 {\n    width: 60%;\n  }\n\n}\n<\/style>\n\t<\/div>\n\t\n\n\t<div id=\"gap-1681278380\" class=\"gap-element clearfix\" style=\"display:block; height:auto;\">\n\t\t\n<style scope=\"scope\">\n\n#gap-1681278380 {\n  padding-top: 10px;\n}\n<\/style>\n\t<\/div>\n\t\n\n<p>IHU Liryc<br \/>\nCampus Xavier Arnozan<br \/>\nAvenue du Haut L\u00e9v\u00e8que, 33600 Pessac-Bordeaux-France<\/p>\n<a href=\"http:\/\/+335%203538%201938\" target=\"_self\" class=\"button white is-link is-small\"  >\n  <i class=\"icon-phone\" ><\/i>  <span>Call us<\/span>\n  <\/a>\n\n\n<a href=\"http:\/\/beat-af.management@ihu-liryc.fr\" target=\"_self\" class=\"button white is-link is-small\"  >\n  <i class=\"icon-envelop\" ><\/i>  <span>E-mail<\/span>\n  <\/a>\n\n\n\n\t\t<\/div>\n\t<\/div>\n\n\t\n\n\t<div class=\"col medium-12 small-12 large-8\"  >\n\t\t<div class=\"col-inner\"  >\n\t\t\t\n\t\t\t\n\n<div class=\"row row-small\"  id=\"row-1841526817\">\n\n\n\t<div class=\"col hide-for-medium medium-8 small-12 large-8\"  >\n\t\t<div class=\"col-inner\" style=\"margin:-21px 0px 0px -74px;\" >\n\t\t\t\n\t\t\t\n\n<ul class=\"sidebar-wrapper ul-reset\"><\/ul>\n\n\n\t\t<\/div>\n\t<\/div>\n\n\t\n\n\t<div class=\"col show-for-small medium-8 small-12 large-8\"  >\n\t\t<div class=\"col-inner\" style=\"margin:0px 0px 0px -17px;\" >\n\t\t\t\n\t\t\t\n\n<ul class=\"sidebar-wrapper ul-reset\"><\/ul>\n\n\n\t\t<\/div>\n\t<\/div>\n\n\t\n\n\t<div class=\"col show-for-medium hide-for-small medium-8 small-12 large-8\"  >\n\t\t<div class=\"col-inner\"  >\n\t\t\t\n\t\t\t\n\n<ul class=\"sidebar-wrapper ul-reset\"><\/ul>\n\n\n\t\t<\/div>\n\t<\/div>\n\n\t\n\n\t<div class=\"col medium-4 small-12 large-4\"  >\n\t\t<div class=\"col-inner\"  >\n\t\t\t\n\t\t\t\n\n<h4>Menu<\/h4>\n<ul>\n<li class=\"bullet-arrow\"><span style=\"font-size: 90%;\"><a href=\"#\">Home<\/a><\/span><\/li>\n<li class=\"bullet-arrow\"><span style=\"font-size: 90%;\"><a href=\"#\">About the trial<\/a><\/span><\/li>\n<li class=\"bullet-arrow\"><span style=\"font-size: 90%;\"><a href=\"#\">Publications<\/a><\/span><\/li>\n<li class=\"bullet-arrow\"><span style=\"font-size: 90%;\"><a href=\"#\">Meet the participant<\/a><\/span><\/li>\n<li class=\"bullet-arrow\"><span style=\"font-size: 90%;\"><a href=\"#\">What is AF<\/a><\/span><\/li>\n<li class=\"bullet-arrow\"><span style=\"font-size: 90%;\"><a href=\"#\">What is PFA<\/a><\/span><\/li>\n<li class=\"bullet-arrow\"><span style=\"font-size: 90%;\"><a href=\"#\">Contact Us<\/a><\/span><\/li>\n<li class=\"bullet-arrow\"><span style=\"font-size: 90%;\"><a href=\"#\">Members Login<\/a><\/span><\/li>\n<\/ul>\n\n\t\t<\/div>\n\t<\/div>\n\n\t\n\n\n<style scope=\"scope\">\n\n<\/style>\n<\/div>\n\n\t\t<\/div>\n\t<\/div>\n\n\t\n\n\n<style scope=\"scope\">\n\n<\/style>\n<\/div>\n<div class=\"row\"  id=\"row-902705318\">\n\n\n\t<div class=\"col small-12 large-12\"  >\n\t\t<div class=\"col-inner\" style=\"margin:-30px 0px -30px 0px;\" >\n\t\t\t\n\t\t\t\n\n<div class=\"is-divider divider clearfix\" style=\"max-width:100%;height:2px;background-color:rgb(255, 255, 255);\"><\/div>\n\n\n\t\t<\/div>\n\t<\/div>\n\n\t\n\n\n<style scope=\"scope\">\n\n<\/style>\n<\/div>\n<div class=\"row hide-for-small\"  id=\"row-2128422633\">\n\n\n\t<div class=\"col medium-4 small-12 large-4\"  >\n\t\t<div class=\"col-inner text-left\"  >\n\t\t\t\n\t\t\t\n\n<p>&nbsp;<\/p>\n<p>\u00a9 2026 Beat AF<\/p>\n\n\t\t<\/div>\n\t<\/div>\n\n\t\n\n\t<div class=\"col medium-4 small-12 large-4\"  >\n\t\t<div class=\"col-inner\"  >\n\t\t\t\n\t\t\t\n\n<div class=\"social-icons follow-icons full-width text-center\" ><a href=\"#\" target=\"_blank\" data-label=\"Facebook\"  rel=\"noopener noreferrer nofollow\" class=\"icon plain facebook tooltip\" title=\"Follow on Facebook\"><i class=\"icon-facebook\" ><\/i><\/a><a href=\"#\" target=\"_blank\" rel=\"noopener noreferrer nofollow\" data-label=\"Instagram\" class=\"icon plain  instagram tooltip\" title=\"Follow on Instagram\"><i class=\"icon-instagram\" ><\/i><\/a><a href=\"#\" target=\"_blank\"  data-label=\"Twitter\"  rel=\"noopener noreferrer nofollow\" class=\"icon plain  twitter tooltip\" title=\"Follow on Twitter\"><i class=\"icon-twitter\" ><\/i><\/a><a href=\"#\" target=\"_blank\" rel=\"noopener noreferrer nofollow\" data-label=\"LinkedIn\" class=\"icon plain  linkedin tooltip\" title=\"Follow on LinkedIn\"><i class=\"icon-linkedin\" ><\/i><\/a><\/div>\n\n\n\t\t<\/div>\n\t<\/div>\n\n\t\n\n\t<div class=\"col medium-4 small-12 large-4\"  >\n\t\t<div class=\"col-inner text-right\"  >\n\t\t\t\n\t\t\t\n\n<a class=\"button white is-link is-small\"  >\n    <span>Terms<\/span>\n  <\/a>\n\n\n<a class=\"button white is-link is-small\"  >\n    <span>Privacy<\/span>\n  <\/a>\n\n\n<a class=\"button white is-link is-small\"  >\n    <span>Cookies<\/span>\n  <\/a>\n\n\n\n\t\t<\/div>\n\t<\/div>\n\n\t\n\n\n<style scope=\"scope\">\n\n<\/style>\n<\/div>\n<div class=\"row show-for-small\"  id=\"row-703533882\">\n\n\n\t<div class=\"col small-12 large-12\"  >\n\t\t<div class=\"col-inner text-center\"  >\n\t\t\t\n\t\t\t\n\n<div class=\"social-icons follow-icons full-width text-center\" ><a href=\"#\" target=\"_blank\" data-label=\"Facebook\"  rel=\"noopener noreferrer nofollow\" class=\"icon plain facebook tooltip\" title=\"Follow on Facebook\"><i class=\"icon-facebook\" ><\/i><\/a><a href=\"#\" target=\"_blank\" rel=\"noopener noreferrer nofollow\" data-label=\"Instagram\" class=\"icon plain  instagram tooltip\" title=\"Follow on Instagram\"><i class=\"icon-instagram\" ><\/i><\/a><a href=\"#\" target=\"_blank\"  data-label=\"Twitter\"  rel=\"noopener noreferrer nofollow\" class=\"icon plain  twitter tooltip\" title=\"Follow on Twitter\"><i class=\"icon-twitter\" ><\/i><\/a><a href=\"#\" target=\"_blank\" rel=\"noopener noreferrer nofollow\" data-label=\"LinkedIn\" class=\"icon plain  linkedin tooltip\" title=\"Follow on LinkedIn\"><i class=\"icon-linkedin\" ><\/i><\/a><\/div>\n\n\t<div id=\"gap-45152809\" class=\"gap-element clearfix\" style=\"display:block; height:auto;\">\n\t\t\n<style scope=\"scope\">\n\n#gap-45152809 {\n  padding-top: 10px;\n}\n<\/style>\n\t<\/div>\n\t\n\n<p>\u00a9<br \/>\n2026 UX Themes<\/p>\n<a class=\"button white is-link is-small\"  >\n    <span>Terms<\/span>\n  <\/a>\n\n\n<a class=\"button white is-link is-small\"  >\n    <span>Privacy<\/span>\n  <\/a>\n\n\n<a class=\"button white is-link is-small\"  >\n    <span>Cookies<\/span>\n  <\/a>\n\n\n\n\t\t<\/div>\n\t<\/div>\n\n\t\n\n\n<style scope=\"scope\">\n\n<\/style>\n<\/div>\n\n\t\t<\/div>\n\n\t\t\n<style scope=\"scope\">\n\n#section_1343114900 {\n  padding-top: 30px;\n  padding-bottom: 30px;\n  background-color: rgb(0,0,0);\n}\n\n\n@media (min-width:550px) {\n\n  #section_1343114900 {\n    padding-top: 60px;\n    padding-bottom: 60px;\n  }\n\n}\n<\/style>\n\t<\/section>\n\t\r\n","protected":false},"excerpt":{"rendered":"","protected":false},"author":1,"featured_media":0,"parent":0,"menu_order":0,"comment_status":"closed","ping_status":"closed","template":"page-blank.php","meta":{"footnotes":""},"class_list":["post-1273","page","type-page","status-publish","hentry"],"_links":{"self":[{"href":"https:\/\/beat-af.com\/index.php?rest_route=\/wp\/v2\/pages\/1273","targetHints":{"allow":["GET"]}}],"collection":[{"href":"https:\/\/beat-af.com\/index.php?rest_route=\/wp\/v2\/pages"}],"about":[{"href":"https:\/\/beat-af.com\/index.php?rest_route=\/wp\/v2\/types\/page"}],"author":[{"embeddable":true,"href":"https:\/\/beat-af.com\/index.php?rest_route=\/wp\/v2\/users\/1"}],"replies":[{"embeddable":true,"href":"https:\/\/beat-af.com\/index.php?rest_route=%2Fwp%2Fv2%2Fcomments&post=1273"}],"version-history":[{"count":4,"href":"https:\/\/beat-af.com\/index.php?rest_route=\/wp\/v2\/pages\/1273\/revisions"}],"predecessor-version":[{"id":1436,"href":"https:\/\/beat-af.com\/index.php?rest_route=\/wp\/v2\/pages\/1273\/revisions\/1436"}],"wp:attachment":[{"href":"https:\/\/beat-af.com\/index.php?rest_route=%2Fwp%2Fv2%2Fmedia&parent=1273"}],"curies":[{"name":"wp","href":"https:\/\/api.w.org\/{rel}","templated":true}]}}